{"id":130,"date":"2016-02-10T10:15:02","date_gmt":"2016-02-10T12:15:02","guid":{"rendered":"http:\/\/www.demo.acmethemes.com\/corporate-plus\/?page_id=36"},"modified":"2022-12-20T01:21:04","modified_gmt":"2022-12-20T04:21:04","slug":"tecnologia","status":"publish","type":"page","link":"https:\/\/dblocknano.com\/wordpress\/empresa\/tecnologia\/","title":{"rendered":"Tecnologia e Sustentabilidade"},"content":{"rendered":"\n<div id=\"section-g06d20e\" class=\"wp-block-gutentor-e1 section-g06d20e gutentor-element gutentor-element-advanced-text text-align-justify-desktop text-align-justify-tablet text-align-justify-mobile\"><div class=\"gutentor-text-wrap\"><p class=\"gutentor-text\">O processo desenvolvido pela empresa para a produ\u00e7\u00e3o das nanopart\u00edculas \u00e9 baseado na mecanoqu\u00edmica. T\u00e9cnica que permite, de acordo com as necessidades do cliente, a modula\u00e7\u00e3o personalizada das nanopart\u00edculas de forma r\u00e1pida e com elevada pureza, al\u00e9m de ser realizada na aus\u00eancia de qualquer solvente ou outros produtos nocivos ao meio ambiente. Que traz uma redu\u00e7\u00e3o expressiva na gera\u00e7\u00e3o de res\u00edduos quando comparada \u00e0s t\u00e9cnicas tradicionais de produ\u00e7\u00e3o empregadas atualmente no mercado. Assim, inovando por ser um processo mais eficiente e mais sustent\u00e1vel de produ\u00e7\u00e3o de nanopart\u00edculas met\u00e1licas. A busca por solu\u00e7\u00f5es tecnol\u00f3gicas inovadoras e de efici\u00eancia aumentada em processos industriais mais limpos \u00e9 consenso para um desenvolvimento sustent\u00e1vel do pa\u00eds. Tais caracter\u00edsticas est\u00e3o contempladas nos objetivos definidos pela ONU para a Agenda 2030 no Brasil.<\/p><\/div><\/div>\n\n\n\n<div id=\"section-g42a7d6\" class=\"wp-block-gutentor-e6 section-g42a7d6 gutentor-element gutentor-element-image text-align-center-desktop text-align-center-tablet text-align-center-mobile\"><div class=\"gutentor-element-image-box\"><a class=\"gutentor-element-image-link\" href=\"https:\/\/brasil.un.org\/pt-br\/sdgs\" target=\"_blank\" rel=\"noopener noreferrer\"><div class=\"gutentor-image-thumb\"><img loading=\"lazy\" decoding=\"async\" class=\"normal-image\" src=\"https:\/\/dblocknano.com\/wordpress\/wp-content\/uploads\/2022\/12\/Agenda-2030-ods1.jpeg\" srcset=\"https:\/\/dblocknano.com\/wordpress\/wp-content\/uploads\/2022\/12\/Agenda-2030-ods1.jpeg 2x\" height=\"713\" width=\"1201\" sizes=\"auto, (max-width: 320px) 280px\"\/><\/div><\/a><\/div><\/div>\n","protected":false},"excerpt":{"rendered":"","protected":false},"author":1,"featured_media":0,"parent":148,"menu_order":1,"comment_status":"closed","ping_status":"closed","template":"","meta":{"footnotes":""},"class_list":["post-130","page","type-page","status-publish","hentry"],"_links":{"self":[{"href":"https:\/\/dblocknano.com\/wordpress\/wp-json\/wp\/v2\/pages\/130","targetHints":{"allow":["GET"]}}],"collection":[{"href":"https:\/\/dblocknano.com\/wordpress\/wp-json\/wp\/v2\/pages"}],"about":[{"href":"https:\/\/dblocknano.com\/wordpress\/wp-json\/wp\/v2\/types\/page"}],"author":[{"embeddable":true,"href":"https:\/\/dblocknano.com\/wordpress\/wp-json\/wp\/v2\/users\/1"}],"replies":[{"embeddable":true,"href":"https:\/\/dblocknano.com\/wordpress\/wp-json\/wp\/v2\/comments?post=130"}],"version-history":[{"count":14,"href":"https:\/\/dblocknano.com\/wordpress\/wp-json\/wp\/v2\/pages\/130\/revisions"}],"predecessor-version":[{"id":966,"href":"https:\/\/dblocknano.com\/wordpress\/wp-json\/wp\/v2\/pages\/130\/revisions\/966"}],"up":[{"embeddable":true,"href":"https:\/\/dblocknano.com\/wordpress\/wp-json\/wp\/v2\/pages\/148"}],"wp:attachment":[{"href":"https:\/\/dblocknano.com\/wordpress\/wp-json\/wp\/v2\/media?parent=130"}],"curies":[{"name":"wp","href":"https:\/\/api.w.org\/{rel}","templated":true}]}}