{"id":144,"date":"2022-12-20T00:14:22","date_gmt":"2022-12-20T03:14:22","guid":{"rendered":"http:\/\/www.demo.acmethemes.com\/corporate-plus\/?page_id=13"},"modified":"2022-12-20T11:05:11","modified_gmt":"2022-12-20T14:05:11","slug":"produtos","status":"publish","type":"page","link":"https:\/\/dblocknano.com\/wordpress\/produtos\/","title":{"rendered":"Produtos"},"content":{"rendered":"\n<section id=\"gmaf2dc7d\" class=\"wp-block-gutentor-m4 section-gmaf2dc7d gutentor-module gutentor-advanced-columns\"><div class=\"grid-container\"><div class=\"grid-row\">\n<div id=\"col-gmcaf500\" class=\"wp-block-gutentor-m4-col col-gmcaf500 gutentor-single-column  grid-lg-10 grid-md-12 grid-12\"><div id=\"section-gmcaf500\" class=\"section-gmcaf500 gutentor-col-wrap\">\n<div id=\"section-g4e0b54\" class=\"wp-block-gutentor-e1 section-g4e0b54 gutentor-element gutentor-element-advanced-text gutentor-adv-text-enabled-width text-align-justify-desktop text-align-justify-tablet text-align-justify-mobile\"><div class=\"gutentor-text-wrap\"><p class=\"gutentor-text\">A d-Block Nanotecnologia \u00e9 dedicada a desenvolver junto aos seus clientes, solu\u00e7\u00f5es tecnol\u00f3gicas baseadas na aplica\u00e7\u00e3o de nanomateriais como mat\u00e9ria-prima. Fornecendo tamb\u00e9m nanopart\u00edculas de base met\u00e1lica, e disponibilizando nanomateriais de alta pureza de forma customizada, tanto na quantidade quanto no tamanho de part\u00edculas, atendendo assim a demanda de empresas que buscam desenvolver e inovar em seus produtos.<\/p><\/div><\/div>\n<\/div><\/div>\n\n\n\n<div id=\"col-gm8af3a6\" class=\"wp-block-gutentor-m4-col col-gm8af3a6 gutentor-single-column  grid-lg-2 grid-md-12 grid-12\"><div id=\"section-gm8af3a6\" class=\"section-gm8af3a6 gutentor-col-wrap\">\n<div id=\"section-g424fe3\" class=\"wp-block-gutentor-e6 section-g424fe3 gutentor-element gutentor-element-image gutentor-enabled-width text-align-right-desktop text-align-right-tablet text-align-right-mobile\"><div class=\"gutentor-element-image-box\"><div class=\"gutentor-image-thumb\"><img loading=\"lazy\" decoding=\"async\" class=\"normal-image\" src=\"https:\/\/dblocknano.com\/wordpress\/wp-content\/uploads\/2022\/12\/jar_1-e1671506651156.jpg\" srcset=\"https:\/\/dblocknano.com\/wordpress\/wp-content\/uploads\/2022\/12\/jar_1-e1671506651156.jpg 2x\" height=\"250\" width=\"188\" sizes=\"auto, (max-width: 320px) 280px\"\/><\/div><\/div><\/div>\n<\/div><\/div>\n<\/div><\/div><\/section>\n\n\n\n<div id=\"section-gbbb8d1\" class=\"wp-block-gutentor-e1 section-gbbb8d1 gutentor-element gutentor-element-advanced-text text-align-justify-desktop text-align-justify-tablet text-align-justify-mobile\"><div class=\"gutentor-text-wrap\"><h4 class=\"gutentor-text\"><br><br>Nanopart\u00edculas de \u00f3xido de cobre II:<\/h4><\/div><\/div>\n\n\n\n<div id=\"section-g60b582\" class=\"wp-block-gutentor-e1 section-g60b582 gutentor-element gutentor-element-advanced-text text-align-justify-desktop text-align-justify-tablet text-align-justify-mobile\"><div class=\"gutentor-text-wrap\"><p class=\"gutentor-text\">A empresa domina a produ\u00e7\u00e3o de nanopart\u00edculas de \u00f3xido de cobre II (NPs-CuO) em escala de laborat\u00f3rio, e atualmente busca validar com seus parceiros este produto em escala piloto, para uso como nanoaditivo em compostos concentrados de materiais polim\u00e9ricos. Insumo este fundamental para a cadeia de transforma\u00e7\u00e3o do pl\u00e1stico, onde estes concentrados polim\u00e9ricos permitem aplica\u00e7\u00f5es em uma s\u00e9rie de produtos de diferentes setores da ind\u00fastria, desde a produ\u00e7\u00e3o de artigos de uso dom\u00e9stico at\u00e9 produtos m\u00e9dico-hospitalares entre outros, agregando, por exemplo, propriedades bactericidas e virucidas a estes materiais.<br><br>As NPs-CuO podem ser produzidas por demanda em diferentes tamanhos e morfologias. Tal variabilidade leva a estes materiais propriedades f\u00edsicas e qu\u00edmicas \u00fanicas, o que faz com que estas nanopart\u00edculas possam ser amplamente utilizadas tamb\u00e9m como catalisadores industriais, dispositivos de detec\u00e7\u00e3o qu\u00edmica, em aplica\u00e7\u00f5es m\u00e9dicas, desinfec\u00e7\u00e3o, como antimicrobianos e virucidas, cargas, catalisadores, opacificantes, semicondutores e tamb\u00e9m no desenvolvimento de cosm\u00e9ticos e microeletr\u00f4nica entre outros.<\/p><\/div><\/div>\n","protected":false},"excerpt":{"rendered":"","protected":false},"author":1,"featured_media":0,"parent":0,"menu_order":0,"comment_status":"closed","ping_status":"closed","template":"","meta":{"footnotes":""},"class_list":["post-144","page","type-page","status-publish","hentry"],"_links":{"self":[{"href":"https:\/\/dblocknano.com\/wordpress\/wp-json\/wp\/v2\/pages\/144","targetHints":{"allow":["GET"]}}],"collection":[{"href":"https:\/\/dblocknano.com\/wordpress\/wp-json\/wp\/v2\/pages"}],"about":[{"href":"https:\/\/dblocknano.com\/wordpress\/wp-json\/wp\/v2\/types\/page"}],"author":[{"embeddable":true,"href":"https:\/\/dblocknano.com\/wordpress\/wp-json\/wp\/v2\/users\/1"}],"replies":[{"embeddable":true,"href":"https:\/\/dblocknano.com\/wordpress\/wp-json\/wp\/v2\/comments?post=144"}],"version-history":[{"count":29,"href":"https:\/\/dblocknano.com\/wordpress\/wp-json\/wp\/v2\/pages\/144\/revisions"}],"predecessor-version":[{"id":976,"href":"https:\/\/dblocknano.com\/wordpress\/wp-json\/wp\/v2\/pages\/144\/revisions\/976"}],"wp:attachment":[{"href":"https:\/\/dblocknano.com\/wordpress\/wp-json\/wp\/v2\/media?parent=144"}],"curies":[{"name":"wp","href":"https:\/\/api.w.org\/{rel}","templated":true}]}}