{"id":148,"date":"2016-02-10T09:50:14","date_gmt":"2016-02-10T11:50:14","guid":{"rendered":"http:\/\/www.demo.acmethemes.com\/corporate-plus\/?page_id=9"},"modified":"2022-12-19T14:13:28","modified_gmt":"2022-12-19T17:13:28","slug":"empresa","status":"publish","type":"page","link":"https:\/\/dblocknano.com\/wordpress\/empresa\/","title":{"rendered":"Empresa"},"content":{"rendered":"\n<p class=\"has-black-color has-text-color has-large-font-size\"><strong>Hist\u00f3ria<\/strong><\/p>\n\n\n\n<div id=\"section-gb3f746\" class=\"wp-block-gutentor-e1 section-gb3f746 gutentor-element gutentor-element-advanced-text text-align-justify-desktop text-align-justify-tablet text-align-justify-mobile\"><div class=\"gutentor-text-wrap\"><p class=\"gutentor-text\"><br>A d-Block Nanotecnologia \u00e9 uma empresa do tipo B2B dedicada a disponibilizar e desenvolver, junto aos seus clientes, solu\u00e7\u00f5es tecnol\u00f3gicas baseadas na aplica\u00e7\u00e3o de nanomateriais como mat\u00e9ria-prima. Fornecendo, sob demanda, nanopart\u00edculas de base met\u00e1lica produzidas a partir de processos associados \u00e0 qu\u00edmica verde, disponibilizando nanomateriais de alta pureza de forma customizada tanto na quantidade quanto no tamanho das part\u00edculas, atendendo a demanda de empresas que buscam desenvolver e inovar seus produtos, bem como institui\u00e7\u00f5es de ci\u00eancia e tecnologia (ICTs).\u00a0<br>\u00a0<br>A empresa surgiu da idea\u00e7\u00e3o realizada a partir da implementa\u00e7\u00e3o de uma linha de pesquisa, desenvolvimento e inova\u00e7\u00e3o acad\u00eamica iniciada em 2018, relacionada a s\u00edntese verde de nanomateriais, e iniciada por meio da orienta\u00e7\u00e3o de trabalhos acad\u00eamicos de p\u00f3s-gradua\u00e7\u00e3o em Engenharia e Ci\u00eancia dos Materiais na Universidade de Caxias do Sul.<br>\u00a0<br>Constitu\u00edda em junho de 2022, ap\u00f3s o apoio do <a href=\"https:\/\/rs2.programacentelha.com.br\/\">Programa Centelha RS<\/a> a d-Block Nanotecnologia busca seu espa\u00e7o no mercado nacional e internacional de aplica\u00e7\u00e3o de nanopart\u00edculas met\u00e1licas. Onde, segundo o relat\u00f3rio de refer\u00eancia da <a href=\"https:\/\/www.researchandmarkets.com\/reports\/5446313\/global-metal-nanoparticle-market-forecast-to-2028#tag-pos-1\">Research and Markets<\/a>, em 2020 o mercado global de nanopart\u00edculas met\u00e1licas movimentou cerca de 25,4 milh\u00f5es de d\u00f3lares, apontando uma proje\u00e7\u00e3o de crescimento anual de 15,9%, podendo chegar a 81,6 milh\u00f5es de d\u00f3lares em 2028. Isso apesar do impacto negativo sofrido pelo mercado de nanopart\u00edculas met\u00e1licas pela interrup\u00e7\u00e3o de sua cadeia de distribui\u00e7\u00e3o devido ao fechamento de fronteiras ocasionado pela SARS-COV-2. Por outro lado, a pandemia tamb\u00e9m impulsionou o mercado de nanopart\u00edculas met\u00e1licas no setor da sa\u00fade, uma vez que s\u00e3o incorporadas em testes de anticorpos e materiais antivirais, promovendo uma grande tend\u00eancia mundial na busca por este tipo mat\u00e9ria-prima, que pode ser incorporada em produtos m\u00e9dico-hospitalares e de uso di\u00e1rio pela popula\u00e7\u00e3o.<br><br><br><\/p><\/div><\/div>\n\n\n\n<div id=\"section-g0ab29f\" class=\"wp-block-gutentor-e1 section-g0ab29f gutentor-element gutentor-element-advanced-text\"><div class=\"gutentor-text-wrap\"><p class=\"gutentor-text\">Apoio:<\/p><\/div><\/div>\n\n\n\n<div class=\"wp-block-columns is-layout-flex wp-container-core-columns-is-layout-9d6595d7 wp-block-columns-is-layout-flex\">\n<div class=\"wp-block-column is-layout-flow wp-block-column-is-layout-flow\">\n<div id=\"section-gd2c4bc\" class=\"wp-block-gutentor-e6 section-gd2c4bc gutentor-element gutentor-element-image gutentor-enabled-width\"><div class=\"gutentor-element-image-box\"><a class=\"gutentor-element-image-link\" href=\"https:\/\/www.programacentelha.com.br\/\"><div class=\"gutentor-image-thumb\"><img loading=\"lazy\" decoding=\"async\" class=\"normal-image\" src=\"https:\/\/dblocknano.com\/wordpress\/wp-content\/uploads\/2022\/12\/centelha.png\" srcset=\"https:\/\/dblocknano.com\/wordpress\/wp-content\/uploads\/2022\/12\/centelha.png 2x\" height=\"404\" width=\"1235\" sizes=\"auto, (max-width: 320px) 280px\"\/><\/div><\/a><\/div><\/div>\n<\/div>\n\n\n\n<div class=\"wp-block-column is-layout-flow wp-block-column-is-layout-flow\"><\/div>\n<\/div>\n","protected":false},"excerpt":{"rendered":"<p>Hist\u00f3ria<\/p>\n","protected":false},"author":1,"featured_media":0,"parent":0,"menu_order":0,"comment_status":"closed","ping_status":"closed","template":"","meta":{"footnotes":""},"class_list":["post-148","page","type-page","status-publish","hentry"],"_links":{"self":[{"href":"https:\/\/dblocknano.com\/wordpress\/wp-json\/wp\/v2\/pages\/148","targetHints":{"allow":["GET"]}}],"collection":[{"href":"https:\/\/dblocknano.com\/wordpress\/wp-json\/wp\/v2\/pages"}],"about":[{"href":"https:\/\/dblocknano.com\/wordpress\/wp-json\/wp\/v2\/types\/page"}],"author":[{"embeddable":true,"href":"https:\/\/dblocknano.com\/wordpress\/wp-json\/wp\/v2\/users\/1"}],"replies":[{"embeddable":true,"href":"https:\/\/dblocknano.com\/wordpress\/wp-json\/wp\/v2\/comments?post=148"}],"version-history":[{"count":71,"href":"https:\/\/dblocknano.com\/wordpress\/wp-json\/wp\/v2\/pages\/148\/revisions"}],"predecessor-version":[{"id":868,"href":"https:\/\/dblocknano.com\/wordpress\/wp-json\/wp\/v2\/pages\/148\/revisions\/868"}],"wp:attachment":[{"href":"https:\/\/dblocknano.com\/wordpress\/wp-json\/wp\/v2\/media?parent=148"}],"curies":[{"name":"wp","href":"https:\/\/api.w.org\/{rel}","templated":true}]}}